{"id":3776,"date":"2026-02-06T10:17:18","date_gmt":"2026-02-06T16:17:18","guid":{"rendered":"http:\/\/34.213.8.97\/?page_id=3776"},"modified":"2026-02-06T10:29:13","modified_gmt":"2026-02-06T16:29:13","slug":"az-ncrp-kindersign-qrcs","status":"publish","type":"page","link":"http:\/\/34.213.8.97\/index.php\/az-ncrp-kindersign-qrcs\/","title":{"rendered":"AZ NCRP KinderSign QRCs"},"content":{"rendered":"\t\t<div data-elementor-type=\"wp-page\" data-elementor-id=\"3776\" class=\"elementor elementor-3776\">\n\t\t\t\t<div class=\"elementor-element elementor-element-12aa18d4 e-flex e-con-boxed e-con e-parent\" data-id=\"12aa18d4\" data-element_type=\"container\">\n\t\t\t\t\t<div class=\"e-con-inner\">\n\t\t<div class=\"elementor-element elementor-element-4d6e1156 e-con-full e-flex e-con e-child\" data-id=\"4d6e1156\" data-element_type=\"container\">\n\t\t\t\t<div class=\"elementor-element elementor-element-49cf3fa elementor-widget elementor-widget-heading\" data-id=\"49cf3fa\" data-element_type=\"widget\" data-widget_type=\"heading.default\">\n\t\t\t\t\t<h2 class=\"elementor-heading-title elementor-size-default\">English<\/h2>\t\t\t\t<\/div>\n\t\t\t\t<div class=\"elementor-element elementor-element-2ce33b3d elementor-widget elementor-widget-text-editor\" data-id=\"2ce33b3d\" data-element_type=\"widget\" data-widget_type=\"text-editor.default\">\n\t\t\t\t\t\t\t\t\t<ul><li><a href=\"https:\/\/azcces.info\/wp-content\/uploads\/2024\/07\/KSign-QRC-Provider-Device-Registration-AZ-0724.pdf\" target=\"_blank\" rel=\"noopener\">How do I register my KinderSign device as a Provider?<\/a><\/li><li><a href=\"https:\/\/azcces.info\/wp-content\/uploads\/2024\/02\/KSign-QRC-Provider-Login-AZ-0123.pdf\" target=\"_blank\" rel=\"noopener\">How do I login as a Provider?<\/a><\/li><li><a href=\"https:\/\/azcces.info\/wp-content\/uploads\/2024\/02\/KSign-QRC-Provider-Records-an-Absence-AZ-0123.pdf\" target=\"_blank\" rel=\"noopener\">How do I record an absence in KinderSign as a Provider?<\/a><\/li><li><a href=\"https:\/\/azcces.info\/wp-content\/uploads\/2024\/02\/KSign-QRC-Unassign-Program-on-Android-Tablet-AZ-0123.pdf\" target=\"_blank\" rel=\"noopener\">How do I unassign a program on my Android tablet?<\/a><\/li><\/ul>\t\t\t\t\t\t\t\t<\/div>\n\t\t\t\t<\/div>\n\t\t<div class=\"elementor-element elementor-element-2c031a12 e-con-full e-flex e-con e-child\" data-id=\"2c031a12\" data-element_type=\"container\">\n\t\t\t\t<div class=\"elementor-element elementor-element-5ebb017 elementor-widget elementor-widget-heading\" data-id=\"5ebb017\" data-element_type=\"widget\" data-widget_type=\"heading.default\">\n\t\t\t\t\t<h2 class=\"elementor-heading-title elementor-size-default\">Spanish<\/h2>\t\t\t\t<\/div>\n\t\t\t\t<div class=\"elementor-element elementor-element-5be5d053 elementor-widget elementor-widget-text-editor\" data-id=\"5be5d053\" data-element_type=\"widget\" data-widget_type=\"text-editor.default\">\n\t\t\t\t\t\t\t\t\t<ul><li><a href=\"https:\/\/azcces.info\/wp-content\/uploads\/2024\/07\/KSign-QRC-Provider-Device-Registration-AZ-Sp0724.pdf\" target=\"_blank\" rel=\"noopener\">C\u00f3mo registro mi dispositivo KinderSign como proveedor?<\/a><\/li><li><a href=\"https:\/\/azcces.info\/wp-content\/uploads\/2024\/02\/KSign-QRC-Provider-Login-AZ-Sp0123.pdf\" target=\"_blank\" rel=\"noopener\">C\u00f3mo inicio sesi\u00f3n como proveedor?<\/a><\/li><li><a href=\"https:\/\/azcces.info\/wp-content\/uploads\/2024\/02\/KSign-QRC-Provider-Records-an-Absence-AZ-0123.pdf\" target=\"_blank\" rel=\"noopener\">C\u00f3mo ingreso una ausencia en KinderSign como proveedor?<\/a><\/li><li><a href=\"https:\/\/azcces.info\/wp-content\/uploads\/2024\/02\/KSign-QRC-Unassign-Program-on-Android-Tablet-AZ-0123.pdf\" target=\"_blank\" rel=\"noopener\">C\u00f3mo desasigno un programa en mi tableta Android?<\/a><\/li><\/ul>\t\t\t\t\t\t\t\t<\/div>\n\t\t\t\t<\/div>\n\t\t\t\t\t<\/div>\n\t\t\t\t<\/div>\n\t\t\t\t<\/div>\n\t\t","protected":false},"excerpt":{"rendered":"<p>English How do I register my KinderSign device as a Provider? How do I login as a Provider? How do I record an absence in KinderSign as a Provider? How do I unassign a program on my Android tablet? Spanish C\u00f3mo registro mi dispositivo KinderSign como proveedor? C\u00f3mo inicio sesi\u00f3n &hellip; <\/p>\n","protected":false},"author":9,"featured_media":0,"parent":0,"menu_order":0,"comment_status":"closed","ping_status":"closed","template":"","meta":{"footnotes":""},"class_list":["post-3776","page","type-page","status-publish","hentry"],"_links":{"self":[{"href":"http:\/\/34.213.8.97\/index.php\/wp-json\/wp\/v2\/pages\/3776","targetHints":{"allow":["GET"]}}],"collection":[{"href":"http:\/\/34.213.8.97\/index.php\/wp-json\/wp\/v2\/pages"}],"about":[{"href":"http:\/\/34.213.8.97\/index.php\/wp-json\/wp\/v2\/types\/page"}],"author":[{"embeddable":true,"href":"http:\/\/34.213.8.97\/index.php\/wp-json\/wp\/v2\/users\/9"}],"replies":[{"embeddable":true,"href":"http:\/\/34.213.8.97\/index.php\/wp-json\/wp\/v2\/comments?post=3776"}],"version-history":[{"count":4,"href":"http:\/\/34.213.8.97\/index.php\/wp-json\/wp\/v2\/pages\/3776\/revisions"}],"predecessor-version":[{"id":3781,"href":"http:\/\/34.213.8.97\/index.php\/wp-json\/wp\/v2\/pages\/3776\/revisions\/3781"}],"wp:attachment":[{"href":"http:\/\/34.213.8.97\/index.php\/wp-json\/wp\/v2\/media?parent=3776"}],"curies":[{"name":"wp","href":"https:\/\/api.w.org\/{rel}","templated":true}]}}