{"id":3605,"date":"2026-01-27T13:37:52","date_gmt":"2026-01-27T19:37:52","guid":{"rendered":"http:\/\/34.213.8.97\/?page_id=3605"},"modified":"2026-02-06T14:05:56","modified_gmt":"2026-02-06T20:05:56","slug":"az-ncrp-getting-started-spanish","status":"publish","type":"page","link":"http:\/\/34.213.8.97\/index.php\/az-ncrp-getting-started-spanish\/","title":{"rendered":"AZ NCRP Getting Started (Spanish)"},"content":{"rendered":"\t\t<div data-elementor-type=\"wp-page\" data-elementor-id=\"3605\" class=\"elementor elementor-3605\">\n\t\t\t\t<div class=\"elementor-element elementor-element-23e6cb2e e-flex e-con-boxed e-con e-parent\" data-id=\"23e6cb2e\" data-element_type=\"container\">\n\t\t\t\t\t<div class=\"e-con-inner\">\n\t\t\t\t<div class=\"elementor-element elementor-element-4e82b15a elementor-widget elementor-widget-heading\" data-id=\"4e82b15a\" data-element_type=\"widget\" data-widget_type=\"heading.default\">\n\t\t\t\t\t<h3 class=\"elementor-heading-title elementor-size-default\">\u00a1Bienvenido al Sistema Electr\u00f3nico de Cuidado Infantil de Arizona (CCES)!<\/h3>\t\t\t\t<\/div>\n\t\t\t\t<div class=\"elementor-element elementor-element-78523b10 elementor-widget elementor-widget-thim-ekits-header-info\" data-id=\"78523b10\" data-element_type=\"widget\" data-widget_type=\"thim-ekits-header-info.default\">\n\t\t\t\t<div class=\"elementor-widget-container\">\n\t\t\t\t\t\t\t<div class=\"header-info-swapper\">\n\t\t\t<ul class=\"thim-header-info\">\n\t\t\t\t\t\t\t\t\t\t<li>\n\t\t\t\t\t\t\t\t\t\t\t\t\t\t<a href=\"https:\/\/azcces.com\/kinderconnect\/\">\n\t\t\t\t\t\t\t\t\t\t\t\t\t\t\t\t\t\t\t\t\t\t\t\t\t<span>\n\t\t\t\t\t\t\t\t\t<i aria-hidden=\"true\" class=\"tk tk-website\"><\/i>\t\t\t\t\t\t\t\t<\/span>\n\t\t\t\t\t\t\t\t\n\t\t\t\t\t\t\t\tKinderConnect Arizona\n\t\t\t\t\t\t\t\t\t\t\t\t\t\t\t<\/a>\n\t\t\t\t\t\t\t\t\t\t\t\t<\/li>\n\t\t\t\t\t\t\t\t\t<\/ul>\n\t\t<\/div>\n\t\t\t\t\t\t<\/div>\n\t\t\t\t<\/div>\n\t\t\t\t<div class=\"elementor-element elementor-element-10925de8 elementor-widget elementor-widget-text-editor\" data-id=\"10925de8\" data-element_type=\"widget\" data-widget_type=\"text-editor.default\">\n\t\t\t\t\t\t\t\t\t<p>\u00a1Bienvenido Proveedor Nuevo! El CCES ofrecer\u00e1 a los proveedores de cuidado infantil contratados por el DES la capacidad de capturar los registros de entrada y salida de los cuidadores, padres y tutores, y someter las facturas al DES a trav\u00e9s de un proceso totalmente automatizado.<\/p><p>Esta p\u00e1gina proveer\u00e1 una introducci\u00f3n de c\u00f3mo funciona el nuevo sistema, le guiar\u00e1 a trav\u00e9s del proceso de registro, y demostrar\u00e1 c\u00f3mo ayudarle a sus adultos responsables para registrar la asistencia.<\/p>\t\t\t\t\t\t\t\t<\/div>\n\t\t\t\t<div class=\"elementor-element elementor-element-6ebafd38 elementor-widget-divider--view-line elementor-widget elementor-widget-divider\" data-id=\"6ebafd38\" data-element_type=\"widget\" data-widget_type=\"divider.default\">\n\t\t\t\t\t\t\t<div class=\"elementor-divider\">\n\t\t\t<span class=\"elementor-divider-separator\">\n\t\t\t\t\t\t<\/span>\n\t\t<\/div>\n\t\t\t\t\t\t<\/div>\n\t\t\t\t\t<\/div>\n\t\t\t\t<\/div>\n\t\t<div class=\"elementor-element elementor-element-73a27783 e-flex e-con-boxed e-con e-parent\" data-id=\"73a27783\" data-element_type=\"container\" data-settings=\"{&quot;background_background&quot;:&quot;classic&quot;}\">\n\t\t\t\t\t<div class=\"e-con-inner\">\n\t\t\t\t<div class=\"elementor-element elementor-element-146ae0d3 elementor-widget elementor-widget-heading\" data-id=\"146ae0d3\" data-element_type=\"widget\" data-widget_type=\"heading.default\">\n\t\t\t\t\t<h3 class=\"elementor-heading-title elementor-size-default\">Paso 1: Introducci\u00f3n<\/h3>\t\t\t\t<\/div>\n\t\t\t\t<div class=\"elementor-element elementor-element-530dae5 elementor-widget elementor-widget-video\" data-id=\"530dae5\" data-element_type=\"widget\" data-settings=\"{&quot;video_type&quot;:&quot;vimeo&quot;}\" data-widget_type=\"video.default\">\n\t\t\t\t\t\t\t<div class=\"elementor-wrapper elementor-open-inline\">\n\t\t\t<iframe class=\"elementor-video-iframe\" allowfullscreen allow=\"clipboard-write\" title=\"vimeo Video Player\" src=\"https:\/\/player.vimeo.com\/video\/995925294?color&amp;autopause=0&amp;loop=0&amp;muted=0&amp;title=1&amp;portrait=1&amp;byline=1&amp;h=9f9bdb2d07#t=\"><\/iframe>\t\t<\/div>\n\t\t\t\t\t\t<\/div>\n\t\t\t\t<div class=\"elementor-element elementor-element-97be8cf elementor-widget elementor-widget-spacer\" data-id=\"97be8cf\" data-element_type=\"widget\" data-widget_type=\"spacer.default\">\n\t\t\t\t\t\t\t<div class=\"elementor-spacer\">\n\t\t\t<div class=\"elementor-spacer-inner\"><\/div>\n\t\t<\/div>\n\t\t\t\t\t\t<\/div>\n\t\t\t\t\t<\/div>\n\t\t\t\t<\/div>\n\t\t<div class=\"elementor-element elementor-element-b17ee78 e-flex e-con-boxed e-con e-parent\" data-id=\"b17ee78\" data-element_type=\"container\" data-settings=\"{&quot;background_background&quot;:&quot;classic&quot;}\">\n\t\t\t\t\t<div class=\"e-con-inner\">\n\t\t\t\t<div class=\"elementor-element elementor-element-d927e17 elementor-widget elementor-widget-heading\" data-id=\"d927e17\" data-element_type=\"widget\" data-widget_type=\"heading.default\">\n\t\t\t\t\t<h3 class=\"elementor-heading-title elementor-size-default\">Paso 2: C\u00f3digo de Verificaci\u00f3n (PIN)<\/h3>\t\t\t\t<\/div>\n\t\t\t\t<div class=\"elementor-element elementor-element-1cf40ee elementor-widget elementor-widget-text-editor\" data-id=\"1cf40ee\" data-element_type=\"widget\" data-widget_type=\"text-editor.default\">\n\t\t\t\t\t\t\t\t\t<p>Despu\u00e9s de firmar su acuerdo de participaci\u00f3n, DES le enviar\u00e1 la informaci\u00f3n de verificaci\u00f3n necesaria para registrar su cuenta de KinderConnect.<\/p>\t\t\t\t\t\t\t\t<\/div>\n\t\t\t\t\t<\/div>\n\t\t\t\t<\/div>\n\t\t<div class=\"elementor-element elementor-element-1b8afb10 e-flex e-con-boxed e-con e-parent\" data-id=\"1b8afb10\" data-element_type=\"container\" data-settings=\"{&quot;background_background&quot;:&quot;classic&quot;}\">\n\t\t\t\t\t<div class=\"e-con-inner\">\n\t\t\t\t<div class=\"elementor-element elementor-element-41241306 elementor-widget elementor-widget-heading\" data-id=\"41241306\" data-element_type=\"widget\" data-widget_type=\"heading.default\">\n\t\t\t\t\t<h3 class=\"elementor-heading-title elementor-size-default\">Paso 3: Registro en KinderConnect<\/h3>\t\t\t\t<\/div>\n\t\t\t\t<div class=\"elementor-element elementor-element-1a59b55a elementor-widget elementor-widget-text-editor\" data-id=\"1a59b55a\" data-element_type=\"widget\" data-widget_type=\"text-editor.default\">\n\t\t\t\t\t\t\t\t\t<p>Una vez que reciba su ID de Proveedor DES y el c\u00f3digo de verificaci\u00f3n, estar\u00e1 listo para completar el registro en KinderConnect. Utilice la gu\u00eda y el v\u00eddeo siguientes.\u200b<\/p>\t\t\t\t\t\t\t\t<\/div>\n\t\t\t\t<div class=\"elementor-element elementor-element-79dc3650 elementor-widget elementor-widget-video\" data-id=\"79dc3650\" data-element_type=\"widget\" data-settings=\"{&quot;video_type&quot;:&quot;vimeo&quot;}\" data-widget_type=\"video.default\">\n\t\t\t\t\t\t\t<div class=\"elementor-wrapper elementor-open-inline\">\n\t\t\t<iframe class=\"elementor-video-iframe\" allowfullscreen allow=\"clipboard-write\" title=\"vimeo Video Player\" src=\"https:\/\/player.vimeo.com\/video\/995866580?color&amp;autopause=0&amp;loop=0&amp;muted=0&amp;title=1&amp;portrait=0&amp;byline=0&amp;h=0643bafa68#t=\"><\/iframe>\t\t<\/div>\n\t\t\t\t\t\t<\/div>\n\t\t\t\t<div class=\"elementor-element elementor-element-4968f588 elementor-widget elementor-widget-text-editor\" data-id=\"4968f588\" data-element_type=\"widget\" data-widget_type=\"text-editor.default\">\n\t\t\t\t\t\t\t\t\t<p><a href=\"https:\/\/azcces.info\/wp-content\/uploads\/2024\/02\/KC-QRC-Initial-Provider-Registration-AZ-0224Sp.pdf\" target=\"_blank\" rel=\"noopener\">Registro de proveedores en KinderConnect<\/a><\/p>\t\t\t\t\t\t\t\t<\/div>\n\t\t\t\t\t<\/div>\n\t\t\t\t<\/div>\n\t\t<div class=\"elementor-element elementor-element-63932ef5 e-flex e-con-boxed e-con e-parent\" data-id=\"63932ef5\" data-element_type=\"container\" id=\"next\">\n\t\t\t\t\t<div class=\"e-con-inner\">\n\t\t\t\t<div class=\"elementor-element elementor-element-78a88017 elementor-widget elementor-widget-heading\" data-id=\"78a88017\" data-element_type=\"widget\" data-widget_type=\"heading.default\">\n\t\t\t\t\t<h3 class=\"elementor-heading-title elementor-size-default\">Paso 4: Informaci\u00f3n de Registro del Adulto Responsable<\/h3>\t\t\t\t<\/div>\n\t\t\t\t<div class=\"elementor-element elementor-element-4727d29d elementor-widget elementor-widget-text-editor\" data-id=\"4727d29d\" data-element_type=\"widget\" data-widget_type=\"text-editor.default\">\n\t\t\t\t\t\t\t\t\t<p>Despu\u00e9s de crear su cuenta, informe a los padres y adultos responsables que configuren KinderSmart y\/o KinderSign para grabar la asistencia. Por favor, revise los detalles de ambos en los paneles de abajo y seleccione el\/los m\u00e9todo\/s que funcione mejor.<\/p>\t\t\t\t\t\t\t\t<\/div>\n\t\t\t\t<div class=\"elementor-element elementor-element-384b2e0b thim-widget-tab e-n-tabs-mobile elementor-widget elementor-widget-n-tabs\" data-id=\"384b2e0b\" data-element_type=\"widget\" data-settings=\"{&quot;tabs_justify_horizontal&quot;:&quot;center&quot;,&quot;horizontal_scroll&quot;:&quot;disable&quot;}\" data-widget_type=\"nested-tabs.default\">\n\t\t\t\t\t\t\t<div class=\"e-n-tabs\" data-widget-number=\"944451083\" aria-label=\"Tabs. Open items with Enter or Space, close with Escape and navigate using the Arrow keys.\">\n\t\t\t<div class=\"e-n-tabs-heading\" role=\"tablist\">\n\t\t\t\t\t<button id=\"e-n-tab-title-9444510831\" class=\"e-n-tab-title\" aria-selected=\"true\" data-tab-index=\"1\" role=\"tab\" tabindex=\"0\" aria-controls=\"e-n-tab-content-9444510831\" style=\"--n-tabs-title-order: 1;\">\n\t\t\t\t\t\t<span class=\"e-n-tab-title-text\">\n\t\t\t\tKinderSmart (Los Adultos Responsables Utilizan sus Tel\u00e9fonos Personales)\t\t\t<\/span>\n\t\t<\/button>\n\t\t\t\t<button id=\"e-n-tab-title-9444510832\" class=\"e-n-tab-title\" aria-selected=\"false\" data-tab-index=\"2\" role=\"tab\" tabindex=\"-1\" aria-controls=\"e-n-tab-content-9444510832\" style=\"--n-tabs-title-order: 2;\">\n\t\t\t\t\t\t<span class=\"e-n-tab-title-text\">\n\t\t\t\tKinderSign (Los Adultos Responsables Utilizan la Tableta Personal de los Proveedores)\t\t\t<\/span>\n\t\t<\/button>\n\t\t\t\t\t<\/div>\n\t\t\t<div class=\"e-n-tabs-content\">\n\t\t\t\t<div id=\"e-n-tab-content-9444510831\" role=\"tabpanel\" aria-labelledby=\"e-n-tab-title-9444510831\" data-tab-index=\"1\" style=\"--n-tabs-title-order: 1;\" class=\"e-active elementor-element elementor-element-7216478f e-con-full e-flex e-con e-child\" data-id=\"7216478f\" data-element_type=\"container\">\n\t\t<div class=\"elementor-element elementor-element-30b869a8 e-flex e-con-boxed e-con e-child\" data-id=\"30b869a8\" data-element_type=\"container\">\n\t\t\t\t\t<div class=\"e-con-inner\">\n\t\t\t\t<div class=\"elementor-element elementor-element-30dfe290 elementor-widget elementor-widget-text-editor\" data-id=\"30dfe290\" data-element_type=\"widget\" data-widget_type=\"text-editor.default\">\n\t\t\t\t\t\t\t\t\t<p><strong>Paso 1<\/strong>: <a href=\"https:\/\/azcces.info\/wp-content\/uploads\/2024\/06\/KSmart-QRC-Sponsor-Registration-AZ-Sp0224.pdf\" target=\"_blank\" rel=\"noopener\">Imprimir el Registro de KinderSmart por cada Adulto Responsable<\/a><\/p><p>Para que los adultos personales puedan registrar la asistencia mediante sus tel\u00e9fonos, deber\u00e1 proveer un Formulario de Registro de KinderSmart para cada adulto responsable individual e imprimir la Hoja de Registro M\u00f3vil del Proveedor que todos los adultos responsables compartir\u00e1n desde su cuenta de KinderConnect. Siga las instrucciones a continuaci\u00f3n.<\/p>\t\t\t\t\t\t\t\t<\/div>\n\t\t\t\t<div class=\"elementor-element elementor-element-75f16b29 elementor-widget elementor-widget-video\" data-id=\"75f16b29\" data-element_type=\"widget\" data-settings=\"{&quot;video_type&quot;:&quot;vimeo&quot;}\" data-widget_type=\"video.default\">\n\t\t\t\t\t\t\t<div class=\"elementor-wrapper elementor-open-inline\">\n\t\t\t<iframe class=\"elementor-video-iframe\" allowfullscreen allow=\"clipboard-write\" title=\"vimeo Video Player\" src=\"https:\/\/player.vimeo.com\/video\/1043664429?color&amp;autopause=0&amp;loop=0&amp;muted=0&amp;title=1&amp;portrait=0&amp;byline=0&amp;h=2cd6187533#t=\"><\/iframe>\t\t<\/div>\n\t\t\t\t\t\t<\/div>\n\t\t\t\t<div class=\"elementor-element elementor-element-1e6b16e9 elementor-widget elementor-widget-text-editor\" data-id=\"1e6b16e9\" data-element_type=\"widget\" data-widget_type=\"text-editor.default\">\n\t\t\t\t\t\t\t\t\t<p><strong>Paso 2<\/strong>: <a href=\"https:\/\/azcces.info\/wp-content\/uploads\/2024\/02\/KC-QRC-Printing-Provider-Mobile-Sign-In-Sheet-for-KSmart-AZ-0224Sp.pdf\" target=\"_blank\" rel=\"noopener\">Imprimir la Hoja de Entrada M\u00f3vil del Proveedor<\/a><\/p>\t\t\t\t\t\t\t\t<\/div>\n\t\t\t\t<div class=\"elementor-element elementor-element-6681ba6a elementor-widget elementor-widget-video\" data-id=\"6681ba6a\" data-element_type=\"widget\" data-settings=\"{&quot;video_type&quot;:&quot;vimeo&quot;}\" data-widget_type=\"video.default\">\n\t\t\t\t\t\t\t<div class=\"elementor-wrapper elementor-open-inline\">\n\t\t\t<iframe class=\"elementor-video-iframe\" allowfullscreen allow=\"clipboard-write\" title=\"vimeo Video Player\" src=\"https:\/\/player.vimeo.com\/video\/1000895459?color&amp;autopause=0&amp;loop=0&amp;muted=0&amp;title=1&amp;portrait=0&amp;byline=0&amp;h=87bdb991a8#t=\"><\/iframe>\t\t<\/div>\n\t\t\t\t\t\t<\/div>\n\t\t\t\t<div class=\"elementor-element elementor-element-26bd8adf elementor-widget elementor-widget-text-editor\" data-id=\"26bd8adf\" data-element_type=\"widget\" data-widget_type=\"text-editor.default\">\n\t\t\t\t\t\t\t\t\t<p><a href=\"https:\/\/azcces.info\/wp-content\/uploads\/2024\/02\/KSmart-QRC-Sponsor-registration-to-iPhone-AZ-Sp0224-1.pdf\" target=\"_blank\" rel=\"noopener\">Registro de KSmart para Adultos Responsables para iPhone<\/a> | <a href=\"https:\/\/azcces.info\/wp-content\/uploads\/2024\/02\/KSmart-QRC-Sponsor-registration-to-Android-Phone-AZ-Sp0224-1.pdf\" target=\"_blank\" rel=\"noopener\">Registro de KSmart para Adultos Responsables para Android<\/a><\/p><p><a href=\"https:\/\/azcces.info\/wp-content\/uploads\/2024\/02\/Sponsor-Information-KinderSmart-Spanish.pdf\" target=\"_blank\" rel=\"noopener\">Informaci\u00f3n de KinderSmart para Padres<\/a><\/p>\t\t\t\t\t\t\t\t<\/div>\n\t\t\t\t\t<\/div>\n\t\t\t\t<\/div>\n\t\t\t\t<\/div>\n\t\t<div id=\"e-n-tab-content-9444510832\" role=\"tabpanel\" aria-labelledby=\"e-n-tab-title-9444510832\" data-tab-index=\"2\" style=\"--n-tabs-title-order: 2;\" class=\" elementor-element elementor-element-7480ce2b e-con-full e-flex e-con e-child\" data-id=\"7480ce2b\" data-element_type=\"container\">\n\t\t<div class=\"elementor-element elementor-element-59972d2f e-flex e-con-boxed e-con e-child\" data-id=\"59972d2f\" data-element_type=\"container\">\n\t\t\t\t\t<div class=\"e-con-inner\">\n\t\t\t\t<div class=\"elementor-element elementor-element-5f9b27a2 elementor-widget elementor-widget-text-editor\" data-id=\"5f9b27a2\" data-element_type=\"widget\" data-widget_type=\"text-editor.default\">\n\t\t\t\t\t\t\t\t\t<p>Para que los adultos responsables puedan registrar la asistencia utilizando la tableta, deber\u00e1 registrar cada tableta una sola vez. Si va a utilizar una tableta personal, deber\u00e1 descargar la aplicaci\u00f3n KinderSign antes de registrar la tableta. Para m\u00e1s informaci\u00f3n sobre c\u00f3mo descargar la aplicaci\u00f3n KinderSign, haga clic <a href=\"https:\/\/azcces.info\/wp-content\/uploads\/2023\/04\/KSign-QRC-Download-App-to-Android-Tablet-AZ-Sp0123.pdf\" target=\"_blank\" rel=\"noopener\">aqu\u00ed<\/a>.<\/p><p>Para registrar la tableta, deber\u00e1 seguir los pasos tanto de KinderConnect como de KinderSign. Para registrar su tableta, mire el video a continuaci\u00f3n o acceda a las instrucciones escritas debajo del video.<\/p>\t\t\t\t\t\t\t\t<\/div>\n\t\t\t\t<div class=\"elementor-element elementor-element-3551848d elementor-widget elementor-widget-video\" data-id=\"3551848d\" data-element_type=\"widget\" data-settings=\"{&quot;video_type&quot;:&quot;vimeo&quot;}\" data-widget_type=\"video.default\">\n\t\t\t\t\t\t\t<div class=\"elementor-wrapper elementor-open-inline\">\n\t\t\t<iframe class=\"elementor-video-iframe\" allowfullscreen allow=\"clipboard-write\" title=\"vimeo Video Player\" src=\"https:\/\/player.vimeo.com\/video\/995876836?color&amp;autopause=0&amp;loop=0&amp;muted=0&amp;title=1&amp;portrait=0&amp;byline=0&amp;h=6cbe0a6076#t=\"><\/iframe>\t\t<\/div>\n\t\t\t\t\t\t<\/div>\n\t\t\t\t<div class=\"elementor-element elementor-element-73deb2e7 elementor-widget elementor-widget-text-editor\" data-id=\"73deb2e7\" data-element_type=\"widget\" data-widget_type=\"text-editor.default\">\n\t\t\t\t\t\t\t\t\t<p><a href=\"https:\/\/azcces.info\/wp-content\/uploads\/2024\/07\/KSign-QRC-Provider-Device-Registration-AZ-Sp0724.pdf\" target=\"_blank\" rel=\"noopener\">Registro de Dispositivo del Proveedor<\/a><\/p>\t\t\t\t\t\t\t\t<\/div>\n\t\t\t\t\t<\/div>\n\t\t\t\t<\/div>\n\t\t\t\t<\/div>\n\t\t\t\t\t<\/div>\n\t\t<\/div>\n\t\t\t\t\t\t<\/div>\n\t\t\t\t\t<\/div>\n\t\t\t\t<\/div>\n\t\t<div class=\"elementor-element elementor-element-7b8cefa4 e-flex e-con-boxed e-con e-parent\" data-id=\"7b8cefa4\" data-element_type=\"container\" data-settings=\"{&quot;background_background&quot;:&quot;classic&quot;}\">\n\t\t\t\t\t<div class=\"e-con-inner\">\n\t\t\t\t<div class=\"elementor-element elementor-element-1a48f0a9 elementor-widget elementor-widget-heading\" data-id=\"1a48f0a9\" data-element_type=\"widget\" data-widget_type=\"heading.default\">\n\t\t\t\t\t<h3 class=\"elementor-heading-title elementor-size-default\">Paso 5: Enviar Asistencia a DES<\/h3>\t\t\t\t<\/div>\n\t\t\t\t<div class=\"elementor-element elementor-element-105af359 elementor-widget elementor-widget-text-editor\" data-id=\"105af359\" data-element_type=\"widget\" data-widget_type=\"text-editor.default\">\n\t\t\t\t\t\t\t\t\t<p>Los proveedores deben revisar las entradas de asistencia a lo largo del mes. Los proveedores deber\u00e1n corregir, a\u00f1adir ausencias o faltas de asistencia, antes de someter la asistencia para su pago. La asistencia puede someterse una vez completado el periodo de servicio mensual.<\/p>\t\t\t\t\t\t\t\t<\/div>\n\t\t\t\t<div class=\"elementor-element elementor-element-7555f7eb elementor-widget elementor-widget-video\" data-id=\"7555f7eb\" data-element_type=\"widget\" data-settings=\"{&quot;video_type&quot;:&quot;vimeo&quot;}\" data-widget_type=\"video.default\">\n\t\t\t\t\t\t\t<div class=\"elementor-wrapper elementor-open-inline\">\n\t\t\t<iframe class=\"elementor-video-iframe\" allowfullscreen allow=\"clipboard-write\" title=\"vimeo Video Player\" src=\"https:\/\/player.vimeo.com\/video\/995876836?color&amp;autopause=0&amp;loop=0&amp;muted=0&amp;title=1&amp;portrait=0&amp;byline=0&amp;h=6cbe0a6076#t=\"><\/iframe>\t\t<\/div>\n\t\t\t\t\t\t<\/div>\n\t\t\t\t<div class=\"elementor-element elementor-element-797504a0 elementor-widget elementor-widget-text-editor\" data-id=\"797504a0\" data-element_type=\"widget\" data-widget_type=\"text-editor.default\">\n\t\t\t\t\t\t\t\t\t<p><a href=\"https:\/\/azcces.info\/wp-content\/uploads\/2024\/03\/KC-QRC-Correct-Incomplete-Attendance-AZ-0324Sp.pdf\" target=\"_blank\" rel=\"noopener\">Corregir Asistencia<\/a><\/p><p><a href=\"https:\/\/azcces.info\/wp-content\/uploads\/2024\/06\/KC-QRC-Registrar-Ausencia-TX-0423.pdf\" target=\"_blank\" rel=\"noopener\">Registrar Ausencias<\/a><\/p><p><a href=\"https:\/\/azcces.info\/wp-content\/uploads\/2024\/02\/KC-QRC-Submit-Attendance-AZ-0224Sp.pdf\" target=\"_blank\" rel=\"noopener\">Someter Asistencia<\/a><\/p>\t\t\t\t\t\t\t\t<\/div>\n\t\t\t\t\t<\/div>\n\t\t\t\t<\/div>\n\t\t<div class=\"elementor-element elementor-element-674d9c84 e-flex e-con-boxed e-con e-parent\" data-id=\"674d9c84\" data-element_type=\"container\" data-settings=\"{&quot;background_background&quot;:&quot;classic&quot;}\">\n\t\t\t\t\t<div class=\"e-con-inner\">\n\t\t\t\t<div class=\"elementor-element elementor-element-2793bbf1 elementor-widget elementor-widget-heading\" data-id=\"2793bbf1\" data-element_type=\"widget\" data-widget_type=\"heading.default\">\n\t\t\t\t\t<h3 class=\"elementor-heading-title elementor-size-default\"><a href=\"https:\/\/azcces.info\/index.php\/frequently-asked-questions\/\">Step 5:  Provider FAQs<\/a><\/h3>\t\t\t\t<\/div>\n\t\t\t\t\t<\/div>\n\t\t\t\t<\/div>\n\t\t<div class=\"elementor-element elementor-element-72979fb0 e-flex e-con-boxed e-con e-parent\" data-id=\"72979fb0\" data-element_type=\"container\">\n\t\t\t\t\t<div class=\"e-con-inner\">\n\t\t\t\t<div class=\"elementor-element elementor-element-48c1dd9a elementor-widget elementor-widget-spacer\" data-id=\"48c1dd9a\" data-element_type=\"widget\" data-widget_type=\"spacer.default\">\n\t\t\t\t\t\t\t<div class=\"elementor-spacer\">\n\t\t\t<div class=\"elementor-spacer-inner\"><\/div>\n\t\t<\/div>\n\t\t\t\t\t\t<\/div>\n\t\t\t\t<div class=\"elementor-element elementor-element-34229e88 elementor-widget elementor-widget-spacer\" data-id=\"34229e88\" data-element_type=\"widget\" data-widget_type=\"spacer.default\">\n\t\t\t\t\t\t\t<div class=\"elementor-spacer\">\n\t\t\t<div class=\"elementor-spacer-inner\"><\/div>\n\t\t<\/div>\n\t\t\t\t\t\t<\/div>\n\t\t\t\t\t<\/div>\n\t\t\t\t<\/div>\n\t\t<div class=\"elementor-element elementor-element-16d93c2 e-flex e-con-boxed e-con e-parent\" data-id=\"16d93c2\" data-element_type=\"container\" data-settings=\"{&quot;background_background&quot;:&quot;classic&quot;}\">\n\t\t\t\t\t<div class=\"e-con-inner\">\n\t\t\t\t<div class=\"elementor-element elementor-element-5cba8061 elementor-view-framed elementor-shape-rounded elementor-position-left elementor-mobile-position-top elementor-widget elementor-widget-icon-box\" data-id=\"5cba8061\" data-element_type=\"widget\" data-widget_type=\"icon-box.default\">\n\t\t\t\t\t\t\t<div class=\"elementor-icon-box-wrapper\">\n\n\t\t\t\t\t\t<div class=\"elementor-icon-box-icon\">\n\t\t\t\t<a href=\"https:\/\/zingtree.com\/live\/247382408?start_node=2\" class=\"elementor-icon\" tabindex=\"-1\" aria-label=\"Formulario de comentarios\">\n\t\t\t\t<svg aria-hidden=\"true\" class=\"e-font-icon-svg e-far-comments\" viewBox=\"0 0 576 512\" xmlns=\"http:\/\/www.w3.org\/2000\/svg\"><path d=\"M532 386.2c27.5-27.1 44-61.1 44-98.2 0-80-76.5-146.1-176.2-157.9C368.3 72.5 294.3 32 208 32 93.1 32 0 103.6 0 192c0 37 16.5 71 44 98.2-15.3 30.7-37.3 54.5-37.7 54.9-6.3 6.7-8.1 16.5-4.4 25 3.6 8.5 12 14 21.2 14 53.5 0 96.7-20.2 125.2-38.8 9.2 2.1 18.7 3.7 28.4 4.9C208.1 407.6 281.8 448 368 448c20.8 0 40.8-2.4 59.8-6.8C456.3 459.7 499.4 480 553 480c9.2 0 17.5-5.5 21.2-14 3.6-8.5 1.9-18.3-4.4-25-.4-.3-22.5-24.1-37.8-54.8zm-392.8-92.3L122.1 305c-14.1 9.1-28.5 16.3-43.1 21.4 2.7-4.7 5.4-9.7 8-14.8l15.5-31.1L77.7 256C64.2 242.6 48 220.7 48 192c0-60.7 73.3-112 160-112s160 51.3 160 112-73.3 112-160 112c-16.5 0-33-1.9-49-5.6l-19.8-4.5zM498.3 352l-24.7 24.4 15.5 31.1c2.6 5.1 5.3 10.1 8 14.8-14.6-5.1-29-12.3-43.1-21.4l-17.1-11.1-19.9 4.6c-16 3.7-32.5 5.6-49 5.6-54 0-102.2-20.1-131.3-49.7C338 339.5 416 272.9 416 192c0-3.4-.4-6.7-.7-10C479.7 196.5 528 238.8 528 288c0 28.7-16.2 50.6-29.7 64z\"><\/path><\/svg>\t\t\t\t<\/a>\n\t\t\t<\/div>\n\t\t\t\n\t\t\t\t\t\t<div class=\"elementor-icon-box-content\">\n\n\t\t\t\t\t\t\t\t\t<h4 class=\"elementor-icon-box-title\">\n\t\t\t\t\t\t<a href=\"https:\/\/zingtree.com\/live\/247382408?start_node=2\" >\n\t\t\t\t\t\t\tFormulario de comentarios\t\t\t\t\t\t<\/a>\n\t\t\t\t\t<\/h4>\n\t\t\t\t\n\t\t\t\t\t\t\t\t\t<p class=\"elementor-icon-box-description\">\n\t\t\t\t\t\tWe\u2019d love to hear your thoughts on the Getting Started page you just experienced. To submit a feedback form, click on the icon to the left.\t\t\t\t\t<\/p>\n\t\t\t\t\n\t\t\t<\/div>\n\t\t\t\n\t\t<\/div>\n\t\t\t\t\t\t<\/div>\n\t\t\t\t\t<\/div>\n\t\t\t\t<\/div>\n\t\t\t\t<\/div>\n\t\t","protected":false},"excerpt":{"rendered":"<p>\u00a1Bienvenido al Sistema Electr\u00f3nico de Cuidado Infantil de Arizona (CCES)! KinderConnect Arizona \u00a1Bienvenido Proveedor Nuevo! El CCES ofrecer\u00e1 a los proveedores de cuidado infantil contratados por el DES la capacidad de capturar los registros de entrada y salida de los cuidadores, padres y tutores, y someter las facturas al DES &hellip; <\/p>\n","protected":false},"author":9,"featured_media":0,"parent":0,"menu_order":0,"comment_status":"closed","ping_status":"closed","template":"elementor_theme","meta":{"footnotes":""},"class_list":["post-3605","page","type-page","status-publish","hentry"],"_links":{"self":[{"href":"http:\/\/34.213.8.97\/index.php\/wp-json\/wp\/v2\/pages\/3605","targetHints":{"allow":["GET"]}}],"collection":[{"href":"http:\/\/34.213.8.97\/index.php\/wp-json\/wp\/v2\/pages"}],"about":[{"href":"http:\/\/34.213.8.97\/index.php\/wp-json\/wp\/v2\/types\/page"}],"author":[{"embeddable":true,"href":"http:\/\/34.213.8.97\/index.php\/wp-json\/wp\/v2\/users\/9"}],"replies":[{"embeddable":true,"href":"http:\/\/34.213.8.97\/index.php\/wp-json\/wp\/v2\/comments?post=3605"}],"version-history":[{"count":4,"href":"http:\/\/34.213.8.97\/index.php\/wp-json\/wp\/v2\/pages\/3605\/revisions"}],"predecessor-version":[{"id":3610,"href":"http:\/\/34.213.8.97\/index.php\/wp-json\/wp\/v2\/pages\/3605\/revisions\/3610"}],"wp:attachment":[{"href":"http:\/\/34.213.8.97\/index.php\/wp-json\/wp\/v2\/media?parent=3605"}],"curies":[{"name":"wp","href":"https:\/\/api.w.org\/{rel}","templated":true}]}}