{"id":3582,"date":"2026-01-27T13:19:00","date_gmt":"2026-01-27T19:19:00","guid":{"rendered":"http:\/\/34.213.8.97\/?page_id=3582"},"modified":"2026-01-28T15:19:40","modified_gmt":"2026-01-28T21:19:40","slug":"az-sponsor-getting-started-spanish","status":"publish","type":"page","link":"http:\/\/34.213.8.97\/index.php\/az-sponsor-getting-started-spanish\/","title":{"rendered":"AZ Sponsor Getting Started (Spanish)"},"content":{"rendered":"\t\t<div data-elementor-type=\"wp-page\" data-elementor-id=\"3582\" class=\"elementor elementor-3582\">\n\t\t\t\t<div class=\"elementor-element elementor-element-f9ec7ba e-flex e-con-boxed e-con e-parent\" data-id=\"f9ec7ba\" data-element_type=\"container\">\n\t\t\t\t\t<div class=\"e-con-inner\">\n\t\t\t\t<div class=\"elementor-element elementor-element-348f5c64 elementor-widget elementor-widget-heading\" data-id=\"348f5c64\" data-element_type=\"widget\" data-widget_type=\"heading.default\">\n\t\t\t\t\t<h3 class=\"elementor-heading-title elementor-size-default\">\u00a1Bienvenido al Sistema Electr\u00f3nico de Cuidado Infantil de Arizona (CCES)!<\/h3>\t\t\t\t<\/div>\n\t\t\t\t<div class=\"elementor-element elementor-element-5f7324c7 elementor-widget elementor-widget-text-editor\" data-id=\"5f7324c7\" data-element_type=\"widget\" data-widget_type=\"text-editor.default\">\n\t\t\t\t\t\t\t\t\t<p>\u00a1Sabemos que los padres de hoy viven en una era digital! A trav\u00e9s de la modernizaci\u00f3n de la tecnolog\u00eda y el Sistema Electr\u00f3nico de Cuidado Infantil, DES ayudar\u00e1 a las familias a estar mejor equipadas para comunicarse directamente con su proveedor de cuidado infantil, buscar opciones de cuidado infantil entre una amplia gama de opciones disponibles y herramientas de comunicaci\u00f3n mejoradas. En el estado futuro de CCES, las familias tendr\u00e1n acceso integral a recursos, incluyendo asistencia financiera, servicios especiales y m\u00e1s, para satisfacer sus necesidades de educaci\u00f3n y cuidado de la primera infancia.<\/p>\t\t\t\t\t\t\t\t<\/div>\n\t\t\t\t\t<\/div>\n\t\t\t\t<\/div>\n\t\t<div class=\"elementor-element elementor-element-1464cb0 e-flex e-con-boxed e-con e-parent\" data-id=\"1464cb0\" data-element_type=\"container\">\n\t\t\t\t\t<div class=\"e-con-inner\">\n\t\t\t\t<div class=\"elementor-element elementor-element-2a19212d elementor-widget-divider--view-line elementor-widget elementor-widget-divider\" data-id=\"2a19212d\" data-element_type=\"widget\" data-widget_type=\"divider.default\">\n\t\t\t\t\t\t\t<div class=\"elementor-divider\">\n\t\t\t<span class=\"elementor-divider-separator\">\n\t\t\t\t\t\t<\/span>\n\t\t<\/div>\n\t\t\t\t\t\t<\/div>\n\t\t\t\t\t<\/div>\n\t\t\t\t<\/div>\n\t\t<div class=\"elementor-element elementor-element-23e8c416 e-flex e-con-boxed e-con e-parent\" data-id=\"23e8c416\" data-element_type=\"container\" data-settings=\"{&quot;background_background&quot;:&quot;classic&quot;}\">\n\t\t\t\t\t<div class=\"e-con-inner\">\n\t\t\t\t<div class=\"elementor-element elementor-element-7950d56f elementor-widget elementor-widget-heading\" data-id=\"7950d56f\" data-element_type=\"widget\" data-widget_type=\"heading.default\">\n\t\t\t\t\t<h3 class=\"elementor-heading-title elementor-size-default\">Paso 1: Introducci\u00f3n<\/h3>\t\t\t\t<\/div>\n\t\t\t\t<div class=\"elementor-element elementor-element-17b7f230 elementor-widget elementor-widget-text-editor\" data-id=\"17b7f230\" data-element_type=\"widget\" data-widget_type=\"text-editor.default\">\n\t\t\t\t\t\t\t\t\t<p>Recomendamos ver el seminario web introductorio. Este seminario web ofrece una descripci\u00f3n general de la aplicaci\u00f3n de su herramienta de seguimiento de asistencia KinderSmart y explica c\u00f3mo utilizarla e introducir la asistencia. Vea el seminario web a continuaci\u00f3n. \ud83d\udc47\ud83c\udffb.<\/p>\t\t\t\t\t\t\t\t<\/div>\n\t\t\t\t<div class=\"elementor-element elementor-element-1e8e0bcf elementor-widget elementor-widget-video\" data-id=\"1e8e0bcf\" data-element_type=\"widget\" data-settings=\"{&quot;video_type&quot;:&quot;vimeo&quot;}\" data-widget_type=\"video.default\">\n\t\t\t\t\t\t\t<div class=\"elementor-wrapper elementor-open-inline\">\n\t\t\t<iframe class=\"elementor-video-iframe\" allowfullscreen allow=\"clipboard-write\" title=\"vimeo Video Player\" src=\"https:\/\/player.vimeo.com\/video\/996291307?color&amp;autopause=0&amp;loop=0&amp;muted=0&amp;title=1&amp;portrait=1&amp;byline=1&amp;h=2dcca6ffee#t=\"><\/iframe>\t\t<\/div>\n\t\t\t\t\t\t<\/div>\n\t\t\t\t\t<\/div>\n\t\t\t\t<\/div>\n\t\t<div class=\"elementor-element elementor-element-1761e168 e-flex e-con-boxed e-con e-parent\" data-id=\"1761e168\" data-element_type=\"container\" id=\"next\">\n\t\t\t\t\t<div class=\"e-con-inner\">\n\t\t\t\t<div class=\"elementor-element elementor-element-548b1c91 elementor-widget elementor-widget-heading\" data-id=\"548b1c91\" data-element_type=\"widget\" data-widget_type=\"heading.default\">\n\t\t\t\t\t<h3 class=\"elementor-heading-title elementor-size-default\">Paso 2: Registro de Adulto Responsable<\/h3>\t\t\t\t<\/div>\n\t\t\t\t<div class=\"elementor-element elementor-element-2bc73317 elementor-widget elementor-widget-text-editor\" data-id=\"2bc73317\" data-element_type=\"widget\" data-widget_type=\"text-editor.default\">\n\t\t\t\t\t\t\t\t\t<p>Su proveedor le entregar\u00e1 un formulario de registro de KinderSmart con su nombre. Cada adulto responsable tiene un formulario de inscripci\u00f3n de KinderSmart exclusivo. Este c\u00f3digo registrar\u00e1 solo la informaci\u00f3n de los ni\u00f1os por los que el adulto responsable tenga autorizaci\u00f3n de grabar asistencia. Aseg\u00farese de escanear solo el formulario con su nombre y la informaci\u00f3n de su proveedor.<\/p>\t\t\t\t\t\t\t\t<\/div>\n\t\t\t\t<div class=\"elementor-element elementor-element-342b8126 elementor-widget elementor-widget-image\" data-id=\"342b8126\" data-element_type=\"widget\" data-widget_type=\"image.default\">\n\t\t\t\t\t\t\t\t\t\t\t\t\t\t\t<img fetchpriority=\"high\" decoding=\"async\" width=\"505\" height=\"612\" src=\"http:\/\/34.213.8.97\/wp-content\/uploads\/2026\/01\/image-25.png\" class=\"attachment-large size-large wp-image-3269\" alt=\"\" srcset=\"http:\/\/34.213.8.97\/wp-content\/uploads\/2026\/01\/image-25.png 505w, http:\/\/34.213.8.97\/wp-content\/uploads\/2026\/01\/image-25-248x300.png 248w\" sizes=\"(max-width: 505px) 100vw, 505px\" \/>\t\t\t\t\t\t\t\t\t\t\t\t\t\t\t<\/div>\n\t\t\t\t\t<\/div>\n\t\t\t\t<\/div>\n\t\t<div class=\"elementor-element elementor-element-5ec75772 e-flex e-con-boxed e-con e-parent\" data-id=\"5ec75772\" data-element_type=\"container\" data-settings=\"{&quot;background_background&quot;:&quot;classic&quot;}\">\n\t\t\t\t\t<div class=\"e-con-inner\">\n\t\t\t\t<div class=\"elementor-element elementor-element-37275133 elementor-widget elementor-widget-heading\" data-id=\"37275133\" data-element_type=\"widget\" data-widget_type=\"heading.default\">\n\t\t\t\t\t<h3 class=\"elementor-heading-title elementor-size-default\">Paso 3: Descargue KinderSmart Arizona y Escanee el Codigo QR<\/h3>\t\t\t\t<\/div>\n\t\t\t\t<div class=\"elementor-element elementor-element-38da14b5 elementor-widget elementor-widget-text-editor\" data-id=\"38da14b5\" data-element_type=\"widget\" data-widget_type=\"text-editor.default\">\n\t\t\t\t\t\t\t\t\t<p>Cuando vea el menu de actividades en KinderSmart, est\u00e1 registrado y listo para ingresar la asistencia de su hijo con su tel\u00e9fono m\u00f3vil.<\/p>\t\t\t\t\t\t\t\t<\/div>\n\t\t\t\t<div class=\"elementor-element elementor-element-72f3e253 elementor-widget elementor-widget-video\" data-id=\"72f3e253\" data-element_type=\"widget\" data-settings=\"{&quot;video_type&quot;:&quot;vimeo&quot;}\" data-widget_type=\"video.default\">\n\t\t\t\t\t\t\t<div class=\"elementor-wrapper elementor-open-inline\">\n\t\t\t<iframe class=\"elementor-video-iframe\" allowfullscreen allow=\"clipboard-write\" title=\"vimeo Video Player\" src=\"https:\/\/player.vimeo.com\/video\/996297455?color&amp;autopause=0&amp;loop=0&amp;muted=0&amp;title=1&amp;portrait=1&amp;byline=1&amp;h=b344f3dba9#t=\"><\/iframe>\t\t<\/div>\n\t\t\t\t\t\t<\/div>\n\t\t\t\t<div class=\"elementor-element elementor-element-571e59b9 elementor-widget elementor-widget-text-editor\" data-id=\"571e59b9\" data-element_type=\"widget\" data-widget_type=\"text-editor.default\">\n\t\t\t\t\t\t\t\t\t<p class=\"has-text-align-center\" style=\"text-align: center;\"><a href=\"https:\/\/azcces.info\/wp-content\/uploads\/2024\/02\/KSmart-QRC-Sponsor-registration-to-Android-Phone-AZ-Sp0224-1.pdf\" target=\"_blank\" rel=\"noopener\">Descarga y registro de KinderSmart en su tel\u00e9fono m\u00f3vil (usuarios de Android)<\/a><\/p><p class=\"has-text-align-center\" style=\"text-align: center;\"><a href=\"https:\/\/azcces.info\/wp-content\/uploads\/2024\/02\/KSmart-QRC-Sponsor-registration-to-iPhone-AZ-Sp0224-1.pdf\" target=\"_blank\" rel=\"noopener\">Descarga y registro de KinderSmart en su tel\u00e9fono m\u00f3vil (usuarios de iPhone)<\/a><\/p>\t\t\t\t\t\t\t\t<\/div>\n\t\t\t\t<div class=\"elementor-element elementor-element-45a56a0e elementor-widget elementor-widget-spacer\" data-id=\"45a56a0e\" data-element_type=\"widget\" data-widget_type=\"spacer.default\">\n\t\t\t\t\t\t\t<div class=\"elementor-spacer\">\n\t\t\t<div class=\"elementor-spacer-inner\"><\/div>\n\t\t<\/div>\n\t\t\t\t\t\t<\/div>\n\t\t\t\t<div class=\"elementor-element elementor-element-21727221 elementor-widget elementor-widget-n-accordion\" data-id=\"21727221\" data-element_type=\"widget\" data-settings=\"{&quot;default_state&quot;:&quot;all_collapsed&quot;,&quot;_animation&quot;:&quot;none&quot;,&quot;max_items_expended&quot;:&quot;one&quot;,&quot;n_accordion_animation_duration&quot;:{&quot;unit&quot;:&quot;ms&quot;,&quot;size&quot;:400,&quot;sizes&quot;:[]}}\" data-widget_type=\"nested-accordion.default\">\n\t\t\t\t\t\t\t<div class=\"e-n-accordion\" aria-label=\"Accordion. Open links with Enter or Space, close with Escape, and navigate with Arrow Keys\">\n\t\t\t\t\t\t<details id=\"e-n-accordion-item-5610\" class=\"e-n-accordion-item\" >\n\t\t\t\t<summary class=\"e-n-accordion-item-title\" data-accordion-index=\"1\" tabindex=\"0\" aria-expanded=\"false\" aria-controls=\"e-n-accordion-item-5610\" >\n\t\t\t\t\t<span class='e-n-accordion-item-title-header'><div class=\"e-n-accordion-item-title-text\"> Registro de KinderSign (Para Adultos Responsables que usan la tableta del Proveedor) <\/div><\/span>\n\t\t\t\t\t\t\t<span class='e-n-accordion-item-title-icon'>\n\t\t\t<span class='e-opened' ><svg aria-hidden=\"true\" class=\"e-font-icon-svg e-far-window-close\" viewBox=\"0 0 512 512\" xmlns=\"http:\/\/www.w3.org\/2000\/svg\"><path d=\"M464 32H48C21.5 32 0 53.5 0 80v352c0 26.5 21.5 48 48 48h416c26.5 0 48-21.5 48-48V80c0-26.5-21.5-48-48-48zm0 394c0 3.3-2.7 6-6 6H54c-3.3 0-6-2.7-6-6V86c0-3.3 2.7-6 6-6h404c3.3 0 6 2.7 6 6v340zM356.5 194.6L295.1 256l61.4 61.4c4.6 4.6 4.6 12.1 0 16.8l-22.3 22.3c-4.6 4.6-12.1 4.6-16.8 0L256 295.1l-61.4 61.4c-4.6 4.6-12.1 4.6-16.8 0l-22.3-22.3c-4.6-4.6-4.6-12.1 0-16.8l61.4-61.4-61.4-61.4c-4.6-4.6-4.6-12.1 0-16.8l22.3-22.3c4.6-4.6 12.1-4.6 16.8 0l61.4 61.4 61.4-61.4c4.6-4.6 12.1-4.6 16.8 0l22.3 22.3c4.7 4.6 4.7 12.1 0 16.8z\"><\/path><\/svg><\/span>\n\t\t\t<span class='e-closed'><svg aria-hidden=\"true\" class=\"e-font-icon-svg e-fas-arrow-alt-circle-right\" viewBox=\"0 0 512 512\" xmlns=\"http:\/\/www.w3.org\/2000\/svg\"><path d=\"M256 8c137 0 248 111 248 248S393 504 256 504 8 393 8 256 119 8 256 8zM140 300h116v70.9c0 10.7 13 16.1 20.5 8.5l114.3-114.9c4.7-4.7 4.7-12.2 0-16.9l-114.3-115c-7.6-7.6-20.5-2.2-20.5 8.5V212H140c-6.6 0-12 5.4-12 12v64c0 6.6 5.4 12 12 12z\"><\/path><\/svg><\/span>\n\t\t<\/span>\n\n\t\t\t\t\t\t<\/summary>\n\t\t\t\t<div role=\"region\" aria-labelledby=\"e-n-accordion-item-5610\" class=\"elementor-element elementor-element-1d21045a e-con-full e-flex e-con e-child\" data-id=\"1d21045a\" data-element_type=\"container\">\n\t\t\t\t<div class=\"elementor-element elementor-element-24aabce0 elementor-widget elementor-widget-text-editor\" data-id=\"24aabce0\" data-element_type=\"widget\" data-widget_type=\"text-editor.default\">\n\t\t\t\t\t\t\t\t\t<p>Este paso es solo para Adultos Responsables que asisten a un Proveedor que ya tiene una tableta personal registrada en KinderSign y esta lista para ser utilizada.<\/p>\t\t\t\t\t\t\t\t<\/div>\n\t\t\t\t<div class=\"elementor-element elementor-element-7e8c8768 elementor-widget elementor-widget-video\" data-id=\"7e8c8768\" data-element_type=\"widget\" data-settings=\"{&quot;video_type&quot;:&quot;vimeo&quot;}\" data-widget_type=\"video.default\">\n\t\t\t\t\t\t\t<div class=\"elementor-wrapper elementor-open-inline\">\n\t\t\t<iframe class=\"elementor-video-iframe\" allowfullscreen allow=\"clipboard-write\" title=\"vimeo Video Player\" src=\"https:\/\/player.vimeo.com\/video\/1000872168?color&amp;autopause=0&amp;loop=0&amp;muted=0&amp;title=1&amp;portrait=1&amp;byline=1&amp;h=96998686af#t=\"><\/iframe>\t\t<\/div>\n\t\t\t\t\t\t<\/div>\n\t\t\t\t<div class=\"elementor-element elementor-element-3a9deee4 elementor-widget elementor-widget-text-editor\" data-id=\"3a9deee4\" data-element_type=\"widget\" data-widget_type=\"text-editor.default\">\n\t\t\t\t\t\t\t\t\t<p style=\"text-align: center;\"><a href=\"https:\/\/azcces.info\/wp-content\/uploads\/2024\/02\/KSign-QRC-Create-Sponsor-PIN-and-Secret-Question-AZ-Sp0623.pdf\" target=\"_blank\" rel=\"noopener\">C\u00f3mo Crear un PIN y Pregunta\/Respuesta Secreta para un Padre\/Adulto Responsable<\/a><\/p>\t\t\t\t\t\t\t\t<\/div>\n\t\t\t\t<\/div>\n\t\t\t\t\t<\/details>\n\t\t\t\t\t<\/div>\n\t\t\t\t\t\t<\/div>\n\t\t\t\t\t<\/div>\n\t\t\t\t<\/div>\n\t\t<div class=\"elementor-element elementor-element-7485314 e-flex e-con-boxed e-con e-parent\" data-id=\"7485314\" data-element_type=\"container\" data-settings=\"{&quot;background_background&quot;:&quot;classic&quot;}\">\n\t\t\t\t\t<div class=\"e-con-inner\">\n\t\t\t\t<div class=\"elementor-element elementor-element-73c9f96f elementor-widget elementor-widget-heading\" data-id=\"73c9f96f\" data-element_type=\"widget\" data-widget_type=\"heading.default\">\n\t\t\t\t\t<h3 class=\"elementor-heading-title elementor-size-default\">Paso 4: Ingresar asistencia<\/h3>\t\t\t\t<\/div>\n\t\t\t\t<div class=\"elementor-element elementor-element-23df8530 e-n-tabs-mobile elementor-widget elementor-widget-n-tabs\" data-id=\"23df8530\" data-element_type=\"widget\" data-settings=\"{&quot;tabs_justify_horizontal&quot;:&quot;center&quot;,&quot;horizontal_scroll&quot;:&quot;disable&quot;}\" data-widget_type=\"nested-tabs.default\">\n\t\t\t\t\t\t\t<div class=\"e-n-tabs\" data-widget-number=\"601851184\" aria-label=\"Tabs. Open items with Enter or Space, close with Escape and navigate using the Arrow keys.\">\n\t\t\t<div class=\"e-n-tabs-heading\" role=\"tablist\">\n\t\t\t\t\t<button id=\"e-n-tab-title-6018511841\" class=\"e-n-tab-title\" aria-selected=\"true\" data-tab-index=\"1\" role=\"tab\" tabindex=\"0\" aria-controls=\"e-n-tab-content-6018511841\" style=\"--n-tabs-title-order: 1;\">\n\t\t\t\t\t\t<span class=\"e-n-tab-title-text\">\n\t\t\t\t1) Ingresar asistencia\t\t\t<\/span>\n\t\t<\/button>\n\t\t\t\t<button id=\"e-n-tab-title-6018511842\" class=\"e-n-tab-title\" aria-selected=\"false\" data-tab-index=\"2\" role=\"tab\" tabindex=\"-1\" aria-controls=\"e-n-tab-content-6018511842\" style=\"--n-tabs-title-order: 2;\">\n\t\t\t\t\t\t<span class=\"e-n-tab-title-text\">\n\t\t\t\t2) Retrodecer Transacciones\t\t\t<\/span>\n\t\t<\/button>\n\t\t\t\t<button id=\"e-n-tab-title-6018511843\" class=\"e-n-tab-title\" aria-selected=\"false\" data-tab-index=\"3\" role=\"tab\" tabindex=\"-1\" aria-controls=\"e-n-tab-content-6018511843\" style=\"--n-tabs-title-order: 3;\">\n\t\t\t\t\t\t<span class=\"e-n-tab-title-text\">\n\t\t\t\t3) approving attendance\t\t\t<\/span>\n\t\t<\/button>\n\t\t\t\t\t<\/div>\n\t\t\t<div class=\"e-n-tabs-content\">\n\t\t\t\t<div id=\"e-n-tab-content-6018511841\" role=\"tabpanel\" aria-labelledby=\"e-n-tab-title-6018511841\" data-tab-index=\"1\" style=\"--n-tabs-title-order: 1;\" class=\"e-active elementor-element elementor-element-3e498952 e-con-full e-flex e-con e-child\" data-id=\"3e498952\" data-element_type=\"container\">\n\t\t\t\t<div class=\"elementor-element elementor-element-52c4afac elementor-widget elementor-widget-video\" data-id=\"52c4afac\" data-element_type=\"widget\" data-settings=\"{&quot;video_type&quot;:&quot;vimeo&quot;}\" data-widget_type=\"video.default\">\n\t\t\t\t\t\t\t<div class=\"elementor-wrapper elementor-open-inline\">\n\t\t\t<iframe class=\"elementor-video-iframe\" allowfullscreen allow=\"clipboard-write\" title=\"vimeo Video Player\" src=\"https:\/\/player.vimeo.com\/video\/996303894?color&amp;autopause=0&amp;loop=0&amp;muted=0&amp;title=1&amp;portrait=1&amp;byline=1&amp;h=ff6e694c09#t=\"><\/iframe>\t\t<\/div>\n\t\t\t\t\t\t<\/div>\n\t\t\t\t<div class=\"elementor-element elementor-element-744ac830 elementor-widget elementor-widget-text-editor\" data-id=\"744ac830\" data-element_type=\"widget\" data-widget_type=\"text-editor.default\">\n\t\t\t\t\t\t\t\t\t<p style=\"text-align: center;\"><a href=\"https:\/\/azcces.info\/wp-content\/uploads\/2024\/02\/KSmart-QRC-Signing-Children-In-and-Out-AZ-Sp0224.pdf\" target=\"_blank\" rel=\"noopener\">Ingresar asistencia<\/a><\/p>\t\t\t\t\t\t\t\t<\/div>\n\t\t\t\t<\/div>\n\t\t<div id=\"e-n-tab-content-6018511842\" role=\"tabpanel\" aria-labelledby=\"e-n-tab-title-6018511842\" data-tab-index=\"2\" style=\"--n-tabs-title-order: 2;\" class=\" elementor-element elementor-element-46f78a44 e-con-full e-flex e-con e-child\" data-id=\"46f78a44\" data-element_type=\"container\">\n\t\t\t\t<div class=\"elementor-element elementor-element-73e616b7 elementor-widget elementor-widget-video\" data-id=\"73e616b7\" data-element_type=\"widget\" data-settings=\"{&quot;video_type&quot;:&quot;vimeo&quot;}\" data-widget_type=\"video.default\">\n\t\t\t\t\t\t\t<div class=\"elementor-wrapper elementor-open-inline\">\n\t\t\t<iframe class=\"elementor-video-iframe\" allowfullscreen allow=\"clipboard-write\" title=\"vimeo Video Player\" src=\"https:\/\/player.vimeo.com\/video\/997758379?color&amp;autopause=0&amp;loop=0&amp;muted=0&amp;title=1&amp;portrait=1&amp;byline=1&amp;h=6e4ab58f4b#t=\"><\/iframe>\t\t<\/div>\n\t\t\t\t\t\t<\/div>\n\t\t\t\t<div class=\"elementor-element elementor-element-2ed3fdf0 elementor-widget elementor-widget-text-editor\" data-id=\"2ed3fdf0\" data-element_type=\"widget\" data-widget_type=\"text-editor.default\">\n\t\t\t\t\t\t\t\t\t<p style=\"text-align: center;\"><a href=\"https:\/\/azcces.info\/wp-content\/uploads\/2024\/02\/KSmart-QRC-How-to-Backdate-Transactions-AZ-Sp0224.pdf\" target=\"_blank\" rel=\"noopener\">Retrodecer Transacciones<\/a><\/p>\t\t\t\t\t\t\t\t<\/div>\n\t\t\t\t<\/div>\n\t\t<div id=\"e-n-tab-content-6018511843\" role=\"tabpanel\" aria-labelledby=\"e-n-tab-title-6018511843\" data-tab-index=\"3\" style=\"--n-tabs-title-order: 3;\" class=\" elementor-element elementor-element-5b05f33a e-con-full e-flex e-con e-child\" data-id=\"5b05f33a\" data-element_type=\"container\">\n\t\t\t\t<div class=\"elementor-element elementor-element-24576ae8 elementor-widget elementor-widget-video\" data-id=\"24576ae8\" data-element_type=\"widget\" data-settings=\"{&quot;video_type&quot;:&quot;vimeo&quot;}\" data-widget_type=\"video.default\">\n\t\t\t\t\t\t\t<div class=\"elementor-wrapper elementor-open-inline\">\n\t\t\t<iframe class=\"elementor-video-iframe\" allowfullscreen allow=\"clipboard-write\" title=\"vimeo Video Player\" src=\"https:\/\/player.vimeo.com\/video\/1056429987?color&amp;autopause=0&amp;loop=0&amp;muted=0&amp;title=1&amp;portrait=1&amp;byline=1&amp;h=45a66b081b#t=\"><\/iframe>\t\t<\/div>\n\t\t\t\t\t\t<\/div>\n\t\t\t\t<div class=\"elementor-element elementor-element-55c278c7 elementor-widget elementor-widget-text-editor\" data-id=\"55c278c7\" data-element_type=\"widget\" data-widget_type=\"text-editor.default\">\n\t\t\t\t\t\t\t\t\t<p style=\"text-align: center;\"><a href=\"https:\/\/azcces.info\/wp-content\/uploads\/2025\/02\/KSmart-QRC-How-to-Approve-Attendance-Transactions-AZ-Sp0225.pdf\" target=\"_blank\" rel=\"noreferrer noopener\" data-type=\"attachment\" data-id=\"3357\">Approving Attendance<\/a><\/p>\t\t\t\t\t\t\t\t<\/div>\n\t\t\t\t<\/div>\n\t\t\t\t\t<\/div>\n\t\t<\/div>\n\t\t\t\t\t\t<\/div>\n\t\t\t\t\t<\/div>\n\t\t\t\t<\/div>\n\t\t<div class=\"elementor-element elementor-element-285b4f49 e-flex e-con-boxed e-con e-parent\" data-id=\"285b4f49\" data-element_type=\"container\">\n\t\t\t\t\t<div class=\"e-con-inner\">\n\t\t\t\t<div class=\"elementor-element elementor-element-5fff804b elementor-widget elementor-widget-heading\" data-id=\"5fff804b\" data-element_type=\"widget\" data-widget_type=\"heading.default\">\n\t\t\t\t\t<h3 class=\"elementor-heading-title elementor-size-default\">Paso 5: Otras opciones del men\u00fa de KinderSmart<\/h3>\t\t\t\t<\/div>\n\t\t\t\t<div class=\"elementor-element elementor-element-1deebb49 elementor-widget elementor-widget-text-editor\" data-id=\"1deebb49\" data-element_type=\"widget\" data-widget_type=\"text-editor.default\">\n\t\t\t\t\t\t\t\t\t<ul class=\"wp-block-list\"><li><a href=\"https:\/\/azcces.info\/wp-content\/uploads\/2024\/02\/KSmart-QRC-Signing-Children-In-and-Out-AZ-0224.pdf\" target=\"_blank\" rel=\"noreferrer noopener\" data-type=\"link\" data-id=\"https:\/\/azcces.info\/wp-content\/uploads\/2024\/02\/KSmart-QRC-Signing-Children-In-and-Out-AZ-0123.pdf\">Ingresar ausencias<\/a><\/li><li><a href=\"https:\/\/azcces.info\/wp-content\/uploads\/2024\/02\/KSmart-QRC-How-to-Review-Case-Authorizations-Information-AZ-0224.pdf\" target=\"_blank\" rel=\"noreferrer noopener\" data-type=\"link\" data-id=\"https:\/\/azcces.info\/wp-content\/uploads\/2024\/02\/KSmart-QRC-How-to-Review-Case-Authorizations-Information-AZ-0224.pdf\">Ver informaci\u00f3n del caso<\/a><\/li><li><a href=\"https:\/\/azcces.info\/wp-content\/uploads\/2024\/02\/KSmart-QRC-Messages-AZ-0224.pdf\" target=\"_blank\" rel=\"noreferrer noopener\" data-type=\"link\" data-id=\"https:\/\/azcces.info\/wp-content\/uploads\/2024\/02\/KSmart-QRC-Messages-AZ-0224.pdf\">Ver mensajes<\/a><\/li><li><a href=\"https:\/\/azcces.info\/wp-content\/uploads\/2024\/02\/KSmart-QRC-How-to-Approve-Attendance-Transactions-AZ-0224.pdf\" target=\"_blank\" rel=\"noreferrer noopener\" data-type=\"link\" data-id=\"https:\/\/azcces.info\/wp-content\/uploads\/2024\/02\/KSmart-QRC-How-to-Approve-Attendance-Transactions-AZ-0224.pdf\">Ver transacciones<\/a><\/li><\/ul>\t\t\t\t\t\t\t\t<\/div>\n\t\t\t\t\t<\/div>\n\t\t\t\t<\/div>\n\t\t<div class=\"elementor-element elementor-element-31be6460 e-flex e-con-boxed e-con e-parent\" data-id=\"31be6460\" data-element_type=\"container\">\n\t\t\t\t\t<div class=\"e-con-inner\">\n\t\t<div class=\"elementor-element elementor-element-5bcfd585 e-con-full e-flex e-con e-child\" data-id=\"5bcfd585\" data-element_type=\"container\">\n\t\t\t\t<\/div>\n\t\t\t\t<div class=\"elementor-element elementor-element-7af9d0d5 elementor-widget elementor-widget-spacer\" data-id=\"7af9d0d5\" data-element_type=\"widget\" data-widget_type=\"spacer.default\">\n\t\t\t\t\t\t\t<div class=\"elementor-spacer\">\n\t\t\t<div class=\"elementor-spacer-inner\"><\/div>\n\t\t<\/div>\n\t\t\t\t\t\t<\/div>\n\t\t\t\t\t<\/div>\n\t\t\t\t<\/div>\n\t\t<div class=\"elementor-element elementor-element-2bf104cf e-flex e-con-boxed e-con e-parent\" data-id=\"2bf104cf\" data-element_type=\"container\">\n\t\t\t\t\t<div class=\"e-con-inner\">\n\t\t<div class=\"elementor-element elementor-element-5e52ab00 e-con-full e-flex e-con e-child\" data-id=\"5e52ab00\" data-element_type=\"container\" data-settings=\"{&quot;background_background&quot;:&quot;classic&quot;}\">\n\t\t\t\t<div class=\"elementor-element elementor-element-9170565 elementor-view-framed elementor-shape-rounded elementor-position-left elementor-mobile-position-top elementor-widget elementor-widget-icon-box\" data-id=\"9170565\" data-element_type=\"widget\" data-widget_type=\"icon-box.default\">\n\t\t\t\t\t\t\t<div class=\"elementor-icon-box-wrapper\">\n\n\t\t\t\t\t\t<div class=\"elementor-icon-box-icon\">\n\t\t\t\t<a href=\"https:\/\/zingtree.com\/live\/247382408?start_node=2\" target=\"_blank\" class=\"elementor-icon\" tabindex=\"-1\" aria-label=\"Formulario de comentarios\">\n\t\t\t\t<svg aria-hidden=\"true\" class=\"e-font-icon-svg e-far-comments\" viewBox=\"0 0 576 512\" xmlns=\"http:\/\/www.w3.org\/2000\/svg\"><path d=\"M532 386.2c27.5-27.1 44-61.1 44-98.2 0-80-76.5-146.1-176.2-157.9C368.3 72.5 294.3 32 208 32 93.1 32 0 103.6 0 192c0 37 16.5 71 44 98.2-15.3 30.7-37.3 54.5-37.7 54.9-6.3 6.7-8.1 16.5-4.4 25 3.6 8.5 12 14 21.2 14 53.5 0 96.7-20.2 125.2-38.8 9.2 2.1 18.7 3.7 28.4 4.9C208.1 407.6 281.8 448 368 448c20.8 0 40.8-2.4 59.8-6.8C456.3 459.7 499.4 480 553 480c9.2 0 17.5-5.5 21.2-14 3.6-8.5 1.9-18.3-4.4-25-.4-.3-22.5-24.1-37.8-54.8zm-392.8-92.3L122.1 305c-14.1 9.1-28.5 16.3-43.1 21.4 2.7-4.7 5.4-9.7 8-14.8l15.5-31.1L77.7 256C64.2 242.6 48 220.7 48 192c0-60.7 73.3-112 160-112s160 51.3 160 112-73.3 112-160 112c-16.5 0-33-1.9-49-5.6l-19.8-4.5zM498.3 352l-24.7 24.4 15.5 31.1c2.6 5.1 5.3 10.1 8 14.8-14.6-5.1-29-12.3-43.1-21.4l-17.1-11.1-19.9 4.6c-16 3.7-32.5 5.6-49 5.6-54 0-102.2-20.1-131.3-49.7C338 339.5 416 272.9 416 192c0-3.4-.4-6.7-.7-10C479.7 196.5 528 238.8 528 288c0 28.7-16.2 50.6-29.7 64z\"><\/path><\/svg>\t\t\t\t<\/a>\n\t\t\t<\/div>\n\t\t\t\n\t\t\t\t\t\t<div class=\"elementor-icon-box-content\">\n\n\t\t\t\t\t\t\t\t\t<h4 class=\"elementor-icon-box-title\">\n\t\t\t\t\t\t<a href=\"https:\/\/zingtree.com\/live\/247382408?start_node=2\" target=\"_blank\" >\n\t\t\t\t\t\t\tFormulario de comentarios\t\t\t\t\t\t<\/a>\n\t\t\t\t\t<\/h4>\n\t\t\t\t\n\t\t\t\t\t\t\t\t\t<p class=\"elementor-icon-box-description\">\n\t\t\t\t\t\tNos encantar\u00eda conocer su opini\u00f3n sobre la p\u00e1gina de introducci\u00f3n que acaba de visitar. Para enviar un formulario de comentarios, haga clic en el \u00edcono de la izquierda.\t\t\t\t\t<\/p>\n\t\t\t\t\n\t\t\t<\/div>\n\t\t\t\n\t\t<\/div>\n\t\t\t\t\t\t<\/div>\n\t\t\t\t<\/div>\n\t\t\t\t\t<\/div>\n\t\t\t\t<\/div>\n\t\t\t\t<\/div>\n\t\t","protected":false},"excerpt":{"rendered":"<p>\u00a1Bienvenido al Sistema Electr\u00f3nico de Cuidado Infantil de Arizona (CCES)! \u00a1Sabemos que los padres de hoy viven en una era digital! A trav\u00e9s de la modernizaci\u00f3n de la tecnolog\u00eda y el Sistema Electr\u00f3nico de Cuidado Infantil, DES ayudar\u00e1 a las familias a estar mejor equipadas para comunicarse directamente con su &hellip; <\/p>\n","protected":false},"author":9,"featured_media":0,"parent":0,"menu_order":0,"comment_status":"closed","ping_status":"closed","template":"elementor_theme","meta":{"footnotes":""},"class_list":["post-3582","page","type-page","status-publish","hentry"],"_links":{"self":[{"href":"http:\/\/34.213.8.97\/index.php\/wp-json\/wp\/v2\/pages\/3582","targetHints":{"allow":["GET"]}}],"collection":[{"href":"http:\/\/34.213.8.97\/index.php\/wp-json\/wp\/v2\/pages"}],"about":[{"href":"http:\/\/34.213.8.97\/index.php\/wp-json\/wp\/v2\/types\/page"}],"author":[{"embeddable":true,"href":"http:\/\/34.213.8.97\/index.php\/wp-json\/wp\/v2\/users\/9"}],"replies":[{"embeddable":true,"href":"http:\/\/34.213.8.97\/index.php\/wp-json\/wp\/v2\/comments?post=3582"}],"version-history":[{"count":19,"href":"http:\/\/34.213.8.97\/index.php\/wp-json\/wp\/v2\/pages\/3582\/revisions"}],"predecessor-version":[{"id":3625,"href":"http:\/\/34.213.8.97\/index.php\/wp-json\/wp\/v2\/pages\/3582\/revisions\/3625"}],"wp:attachment":[{"href":"http:\/\/34.213.8.97\/index.php\/wp-json\/wp\/v2\/media?parent=3582"}],"curies":[{"name":"wp","href":"https:\/\/api.w.org\/{rel}","templated":true}]}}